{"id":102,"date":"2024-11-09T13:02:52","date_gmt":"2024-11-09T13:02:52","guid":{"rendered":"http:\/\/perryalves.pt\/?page_id=102"},"modified":"2024-11-21T16:05:04","modified_gmt":"2024-11-21T16:05:04","slug":"sobre-nos","status":"publish","type":"page","link":"https:\/\/perryalves.pt\/index.php\/sobre-nos\/","title":{"rendered":"Sobre N\u00f3s"},"content":{"rendered":"\n<div class=\"wp-block-columns is-layout-flex wp-container-core-columns-is-layout-28f84493 wp-block-columns-is-layout-flex\">\n<div class=\"wp-block-column is-layout-flow wp-block-column-is-layout-flow\"><div class=\"n2-section-smartslider fitvidsignore  n2_clear\" data-ssid=\"4\" tabindex=\"0\" role=\"region\" aria-label=\"Slider\"><div id=\"n2-ss-4-align\" class=\"n2-ss-align\"><div class=\"n2-padding\"><div id=\"n2-ss-4\" data-creator=\"Smart Slider 3\" data-responsive=\"fullwidth\" class=\"n2-ss-slider n2-ow n2-has-hover n2notransition  \">\n\n\n\n\n\n<div class=\"n2-ss-slider-wrapper-inside\">\n        <div class=\"n2-ss-slider-1 n2_ss__touch_element n2-ow\">\n            <div class=\"n2-ss-slider-2 n2-ow\">\n                                                <div class=\"n2-ss-slider-3 n2-ow\">\n\n                    <div class=\"n2-ss-slide-backgrounds n2-ow-all\"><div class=\"n2-ss-slide-background\" data-public-id=\"1\" data-mode=\"fill\"><div class=\"n2-ss-slide-background-image\" data-blur=\"0\" data-opacity=\"100\" data-x=\"50\" data-y=\"50\" data-alt=\"\" data-title=\"\"><picture class=\"skip-lazy\" data-skip-lazy=\"1\"><img decoding=\"async\" src=\"\/\/perryalves.pt\/wp-content\/uploads\/slider\/cache\/d98e7653531a298d474b5c3befee32ad\/AP_C-2456-scaled.jpg\" alt=\"\" title=\"\" loading=\"lazy\" class=\"skip-lazy\" data-skip-lazy=\"1\"><\/picture><\/div><div data-color=\"RGBA(255,255,255,0)\" style=\"background-color: RGBA(255,255,255,0);\" class=\"n2-ss-slide-background-color\"><\/div><\/div><div class=\"n2-ss-slide-background\" data-public-id=\"2\" data-mode=\"fill\" aria-hidden=\"true\"><div class=\"n2-ss-slide-background-image\" data-blur=\"0\" data-opacity=\"100\" data-x=\"50\" data-y=\"25\" data-alt=\"\" data-title=\"\" style=\"--ss-o-pos-y:25%\"><picture class=\"skip-lazy\" data-skip-lazy=\"1\"><img decoding=\"async\" src=\"\/\/perryalves.pt\/wp-content\/uploads\/slider\/cache\/0a5d46f9bda05bfa1d0dbdbb59284807\/DSC00059-scaled.jpg\" alt=\"\" title=\"\" loading=\"lazy\" class=\"skip-lazy\" data-skip-lazy=\"1\"><\/picture><\/div><div data-color=\"RGBA(255,255,255,0)\" style=\"background-color: RGBA(255,255,255,0);\" class=\"n2-ss-slide-background-color\"><\/div><\/div><\/div>                    <div class=\"n2-ss-slider-4 n2-ow\">\n                        <svg xmlns=\"http:\/\/www.w3.org\/2000\/svg\" viewBox=\"0 0 1200 600\" data-related-device=\"desktopPortrait\" class=\"n2-ow n2-ss-preserve-size n2-ss-preserve-size--slider n2-ss-slide-limiter\"><\/svg><div data-first=\"1\" data-slide-duration=\"0\" data-id=\"17\" data-slide-public-id=\"1\" data-title=\"www.shootnthedark.com +351609256\" class=\"n2-ss-slide n2-ow  n2-ss-slide-17\"><div role=\"note\" class=\"n2-ss-slide--focus\" tabindex=\"-1\">www.shootnthedark.com +351609256<\/div><div class=\"n2-ss-layers-container n2-ss-slide-limiter n2-ow\"><div class=\"n2-ss-layer n2-ow n-uc-ZEoB0rUBxUoy\" data-sstype=\"slide\" data-pm=\"default\"><\/div><\/div><img decoding=\"async\" loading=\"lazy\" class=\"n2-ss-slide-thumbnail skip-lazy\" data-skip-lazy=\"1\" src=\"https:\/\/perryalves.pt\/wp-content\/uploads\/slider\/cache\/b6f05ce2600e73eb380d007565f1fa46\/AP_C-2456-scaled.jpg\" alt=\"www.shootnthedark.com +351609256\"><\/div><div data-slide-duration=\"0\" data-id=\"20\" data-slide-public-id=\"2\" aria-hidden=\"true\" data-title=\"DSC00059\" class=\"n2-ss-slide n2-ow  n2-ss-slide-20\"><div role=\"note\" class=\"n2-ss-slide--focus\" tabindex=\"-1\">DSC00059<\/div><div class=\"n2-ss-layers-container n2-ss-slide-limiter n2-ow\"><div class=\"n2-ss-layer n2-ow n-uc-U0MNDvnQPPVj\" data-sstype=\"slide\" data-pm=\"default\"><\/div><\/div><img decoding=\"async\" loading=\"lazy\" class=\"n2-ss-slide-thumbnail skip-lazy\" data-skip-lazy=\"1\" src=\"https:\/\/perryalves.pt\/wp-content\/uploads\/slider\/cache\/f1e30d225cfd22aa213441a910d41d26\/DSC00059-scaled.jpg\" alt=\"DSC00059\"><\/div>                    <\/div>\n\n                                    <\/div>\n            <\/div>\n        <\/div>\n        <div class=\"n2-ss-slider-controls n2-ss-slider-controls-absolute-left-center\"><div style=\"--widget-offset:5px;\" class=\"n2-ss-widget nextend-arrow n2-ow-all nextend-arrow-previous  nextend-arrow-animated-fade\" data-hide-mobileportrait=\"1\" id=\"n2-ss-4-arrow-previous\" role=\"button\" aria-label=\"previous arrow\" tabindex=\"0\"><img decoding=\"async\" width=\"32\" height=\"32\" class=\"skip-lazy\" data-skip-lazy=\"1\" src=\"data:image\/svg+xml;base64,PHN2ZyB3aWR0aD0iMzIiIGhlaWdodD0iMzIiIHZpZXdCb3g9IjAgMCAzMiAzMiIgeG1sbnM9Imh0dHA6Ly93d3cudzMub3JnLzIwMDAvc3ZnIj4KICAgIDxwYXRoIGQ9Ik0xMS40MzMgMTUuOTkyTDIyLjY5IDUuNzEyYy4zOTMtLjM5LjM5My0xLjAzIDAtMS40Mi0uMzkzLS4zOS0xLjAzLS4zOS0xLjQyMyAwbC0xMS45OCAxMC45NGMtLjIxLjIxLS4zLjQ5LS4yODUuNzYtLjAxNS4yOC4wNzUuNTYuMjg0Ljc3bDExLjk4IDEwLjk0Yy4zOTMuMzkgMS4wMy4zOSAxLjQyNCAwIC4zOTMtLjQuMzkzLTEuMDMgMC0xLjQybC0xMS4yNTctMTAuMjkiCiAgICAgICAgICBmaWxsPSIjZmZmZmZmIiBvcGFjaXR5PSIwLjgiIGZpbGwtcnVsZT0iZXZlbm9kZCIvPgo8L3N2Zz4=\" alt=\"previous arrow\"><\/div><\/div><div class=\"n2-ss-slider-controls n2-ss-slider-controls-absolute-right-center\"><div style=\"--widget-offset:5px;\" class=\"n2-ss-widget nextend-arrow n2-ow-all nextend-arrow-next  nextend-arrow-animated-fade\" data-hide-mobileportrait=\"1\" id=\"n2-ss-4-arrow-next\" role=\"button\" aria-label=\"next arrow\" tabindex=\"0\"><img decoding=\"async\" width=\"32\" height=\"32\" class=\"skip-lazy\" data-skip-lazy=\"1\" src=\"data:image\/svg+xml;base64,PHN2ZyB3aWR0aD0iMzIiIGhlaWdodD0iMzIiIHZpZXdCb3g9IjAgMCAzMiAzMiIgeG1sbnM9Imh0dHA6Ly93d3cudzMub3JnLzIwMDAvc3ZnIj4KICAgIDxwYXRoIGQ9Ik0xMC43MjIgNC4yOTNjLS4zOTQtLjM5LTEuMDMyLS4zOS0xLjQyNyAwLS4zOTMuMzktLjM5MyAxLjAzIDAgMS40MmwxMS4yODMgMTAuMjgtMTEuMjgzIDEwLjI5Yy0uMzkzLjM5LS4zOTMgMS4wMiAwIDEuNDIuMzk1LjM5IDEuMDMzLjM5IDEuNDI3IDBsMTIuMDA3LTEwLjk0Yy4yMS0uMjEuMy0uNDkuMjg0LS43Ny4wMTQtLjI3LS4wNzYtLjU1LS4yODYtLjc2TDEwLjcyIDQuMjkzeiIKICAgICAgICAgIGZpbGw9IiNmZmZmZmYiIG9wYWNpdHk9IjAuOCIgZmlsbC1ydWxlPSJldmVub2RkIi8+Cjwvc3ZnPg==\" alt=\"next arrow\"><\/div><\/div><div class=\"n2-ss-slider-controls n2-ss-slider-controls-absolute-center-bottom\"><div style=\"--widget-offset:5px;\" class=\"n2-ss-widget n2-ss-control-bullet n2-ow-all n2-ss-control-bullet-horizontal\"><div class=\" nextend-bullet-bar n2-bar-justify-content-center\" role=\"group\" aria-label=\"Choose slide to display.\"><div class=\"n2-bullet n2-style-4ef2b9ef3ac95757a797a679951a67a3-dot \" style=\"visibility:hidden;\"><\/div><\/div><\/div><\/div><\/div><\/div><ss3-loader><\/ss3-loader><\/div><\/div><div class=\"n2_clear\"><\/div><\/div><\/div>\n<\/div>\n\n\n\n<div class=\"wp-block-columns is-layout-flex wp-container-core-columns-is-layout-28f84493 wp-block-columns-is-layout-flex\">\n<div class=\"wp-block-column is-layout-flow wp-block-column-is-layout-flow\">\n<p class=\"has-text-align-center\">Eu sou o Pedro Alves, um Transmontano apaixonado pela arte da fotografia e pelo vibrante mundo do Rock n&#8217; Roll. Atualmente, resido no Porto, uma cidade que, com sua rica hist\u00f3ria e paisagens deslumbrantes, serve como um fonte de inspira\u00e7\u00e3o para o meu trabalho.<\/p>\n\n\n\n<p class=\"has-text-align-center\">Desde cedo. desenvolvi um profundo interesse por capturar momentos \u00fanicos atrav\u00e9s da lenta da minha c\u00e2mara. Cada fotografia \u00e9 um oportunidade de contar uma historia, de imortalizar um instante fugaz e de transmitir emo\u00e7\u00f5es que palavras muitas vezes n\u00e3o conseguem expressar. A minha paix\u00e3o pela fotografia \u00e9 acompanhada pelo meu amor pelo Rock n&#8217; Roll, que me inspira com a sua energia e autenticidade.<br><br>A minha jornada na fotografia come\u00e7ou de forma quase intuitiva, \u00e0 medida que fui explorando diferentes estilos e abordagens, sempre \u00e0 procura da melhor forma de transmitir a ess\u00eancia dos momentos que me tocavam. A fotografia para mim n\u00e3o \u00e9 apenas um meio de capturar imagens, mas sim uma forma de express\u00e3o art\u00edstica, onde cada click \u00e9 uma extens\u00e3o dos meus sentimentos e da minha vis\u00e3o do mundo.<\/p>\n\n\n\n<p class=\"has-text-align-center\">Ao longo dos anos, fui aprimorando a minha t\u00e9cnica e desenvolvendo um olhar \u00fanico, mais atento aos detalhes que tornam cada cena especial. Acredito que a verdadeira magia da fotografia est\u00e1 na capacidade de ver o extraordin\u00e1rio no cotidiano, de encontrar beleza nas coisas simples, e de contar hist\u00f3rias que atravessam o tempo.<\/p>\n\n\n\n<p class=\"has-text-align-center\">A paix\u00e3o pelo Rock n&#8217; Roll sempre esteve presente na minha vida, n\u00e3o s\u00f3 como amante de m\u00fasica, mas tamb\u00e9m como uma fonte inesgot\u00e1vel de inspira\u00e7\u00e3o. O esp\u00edrito rebelde e a energia crua do g\u00e9nero musical refletem-se no modo como vejo e abordo a fotografia \u2013 uma busca constante pela autenticidade, pela verdade e pela intensidade emocional.<\/p>\n\n\n\n<p class=\"has-text-align-center\">Atualmente, vivo e trabalho no Porto, uma cidade que tem sido uma verdadeira musa para o meu trabalho fotogr\u00e1fico. A sua mistura de tradi\u00e7\u00e3o e modernidade, o contraste entre a paisagem urbana e as suas ruelas hist\u00f3ricas, oferece-me um campo infinito de possibilidades criativas. Cada canto da cidade, cada luz e sombra, cada rosto que encontro na rua \u00e9 uma oportunidade para capturar algo \u00fanico e memor\u00e1vel.<\/p>\n\n\n\n<p class=\"has-text-align-center\">No fundo, a minha miss\u00e3o \u00e9 simples: capturar momentos que falem por si mesmos, que transmitam algo mais do que aquilo que vemos \u00e0 primeira vista. A fotografia, para mim, \u00e9 um meio de dar voz aos sentimentos, de comunicar sem palavras e de celebrar a vida em todas as suas formas.<\/p>\n\n\n\n<div class=\"wp-block-buttons is-content-justification-center is-layout-flex wp-container-core-buttons-is-layout-a89b3969 wp-block-buttons-is-layout-flex\">\n<div class=\"wp-block-button is-style-outline is-style-outline--1\"><a class=\"wp-block-button__link wp-element-button\" href=\"http:\/\/perryalves.pt\/index.php\/contactos\/\">Contacte-nos<\/a><\/div>\n<\/div>\n<\/div>\n<\/div>\n\n\n\n<p><\/p>\n","protected":false},"excerpt":{"rendered":"<p>Eu sou o Pedro Alves, um Transmontano apaixonado pela arte da fotografia e pelo vibrante mundo do Rock n&#8217; Roll. Atualmente, resido no Porto, uma cidade que, com sua rica hist\u00f3ria e paisagens deslumbrantes, serve como um fonte de inspira\u00e7\u00e3o para o meu trabalho. Desde cedo. desenvolvi um profundo interesse por capturar momentos \u00fanicos atrav\u00e9s [&hellip;]<\/p>\n","protected":false},"author":1,"featured_media":0,"parent":0,"menu_order":0,"comment_status":"closed","ping_status":"closed","template":"","meta":{"footnotes":""},"class_list":["post-102","page","type-page","status-publish","hentry"],"_links":{"self":[{"href":"https:\/\/perryalves.pt\/index.php\/wp-json\/wp\/v2\/pages\/102","targetHints":{"allow":["GET"]}}],"collection":[{"href":"https:\/\/perryalves.pt\/index.php\/wp-json\/wp\/v2\/pages"}],"about":[{"href":"https:\/\/perryalves.pt\/index.php\/wp-json\/wp\/v2\/types\/page"}],"author":[{"embeddable":true,"href":"https:\/\/perryalves.pt\/index.php\/wp-json\/wp\/v2\/users\/1"}],"replies":[{"embeddable":true,"href":"https:\/\/perryalves.pt\/index.php\/wp-json\/wp\/v2\/comments?post=102"}],"version-history":[{"count":6,"href":"https:\/\/perryalves.pt\/index.php\/wp-json\/wp\/v2\/pages\/102\/revisions"}],"predecessor-version":[{"id":156,"href":"https:\/\/perryalves.pt\/index.php\/wp-json\/wp\/v2\/pages\/102\/revisions\/156"}],"wp:attachment":[{"href":"https:\/\/perryalves.pt\/index.php\/wp-json\/wp\/v2\/media?parent=102"}],"curies":[{"name":"wp","href":"https:\/\/api.w.org\/{rel}","templated":true}]}}